{"id":201,"date":"2016-04-20T10:36:47","date_gmt":"2016-04-20T09:36:47","guid":{"rendered":"http:\/\/tabanfesztival.hu\/?page_id=201"},"modified":"2019-04-29T18:09:46","modified_gmt":"2019-04-29T17:09:46","slug":"biztonsagi-terv","status":"publish","type":"page","link":"http:\/\/tabanfesztival.hu\/?page_id=201","title":{"rendered":"Biztons\u00e1gi terv"},"content":{"rendered":"<p><a title=\"Tab\u00e1n 2019 - Biztons\u00e1gi terv\" href=\"http:\/\/tabanfesztival.hu\/wp-content\/uploads\/taban2019-biztonsagi-terv.pdf\" target=\"_blank\">BIZTONS\u00c1GI TERV 2019 ( PDF)<\/a><br \/>\n2019. m\u00e1jus 1. Tab\u00e1ni Fesztiv\u00e1l blues-rock koncert<\/p>\n<p><a title=\"T\u0170ZV\u00c9DELMI sZAB\u00c1LYZAT - Tab\u00e1n Fesztiv\u00e1l 2019\" href=\"http:\/\/tabanfesztival.hu\/wp-content\/uploads\/taban2019-tuzvedelmi-szabalyzat_compressed.pdf\" target=\"_blank\">T\u0170ZV\u00c9DELMI SZAB\u00c1LYZAT 2019<\/a><\/p>\n<p>&nbsp;<\/p>\n","protected":false},"excerpt":{"rendered":"<p>BIZTONS\u00c1GI TERV 2019 ( PDF) 2019. m\u00e1jus 1. Tab\u00e1ni Fesztiv\u00e1l blues-rock koncert T\u0170ZV\u00c9DELMI SZAB\u00c1LYZAT 2019 &nbsp;<\/p>\n","protected":false},"author":1,"featured_media":0,"parent":0,"menu_order":0,"comment_status":"closed","ping_status":"closed","template":"","meta":[],"_links":{"self":[{"href":"http:\/\/tabanfesztival.hu\/index.php?rest_route=\/wp\/v2\/pages\/201"}],"collection":[{"href":"http:\/\/tabanfesztival.hu\/index.php?rest_route=\/wp\/v2\/pages"}],"about":[{"href":"http:\/\/tabanfesztival.hu\/index.php?rest_route=\/wp\/v2\/types\/page"}],"author":[{"embeddable":true,"href":"http:\/\/tabanfesztival.hu\/index.php?rest_route=\/wp\/v2\/users\/1"}],"replies":[{"embeddable":true,"href":"http:\/\/tabanfesztival.hu\/index.php?rest_route=%2Fwp%2Fv2%2Fcomments&post=201"}],"version-history":[{"count":8,"href":"http:\/\/tabanfesztival.hu\/index.php?rest_route=\/wp\/v2\/pages\/201\/revisions"}],"predecessor-version":[{"id":579,"href":"http:\/\/tabanfesztival.hu\/index.php?rest_route=\/wp\/v2\/pages\/201\/revisions\/579"}],"wp:attachment":[{"href":"http:\/\/tabanfesztival.hu\/index.php?rest_route=%2Fwp%2Fv2%2Fmedia&parent=201"}],"curies":[{"name":"wp","href":"https:\/\/api.w.org\/{rel}","templated":true}]}}