{"id":2,"date":"2015-03-13T17:13:44","date_gmt":"2015-03-13T17:13:44","guid":{"rendered":"http:\/\/tabanfesztival.hu\/?page_id=2"},"modified":"2015-04-22T11:29:36","modified_gmt":"2015-04-22T10:29:36","slug":"sample-page","status":"publish","type":"page","link":"http:\/\/tabanfesztival.hu\/?page_id=2","title":{"rendered":"T\u00f6rt\u00e9net"},"content":{"rendered":"<p><strong>TAB\u00c1N FESZTIV\u00c1L BEMUTAT\u00c1SA<\/strong><\/p>\n<p><strong>A Tab\u00e1n a Gell\u00e9rt-hegy \u00e9s a V\u00e1rhegy k\u00f6z\u00f6tti dombos ter\u00fclet nagy t\u00f6rt\u00e9nelmi m\u00falttal dicsekedhet, emellett a nagy t\u00e1gas park az 1970-es \u00e9vekt\u0151l a hazai k\u00f6nny\u0171zenei \u00e9let egyik meghat\u00e1roz\u00f3 helysz\u00edne lett. A minden \u00e9vben megtartott M\u00e1jus 1-i koncertek hagyom\u00e1nny\u00e1 v\u00e1ltak, az \u00e9vek folyam\u00e1n fell\u00e9pett itt a \u201enagy gener\u00e1ci\u00f3\u201d \u00f6sszes k\u00e9pvisel\u0151je. Sajn\u00e1latos, hogy a Fesztiv\u00e1lt a 80-as \u00e9vek v\u00e9g\u00e9n, 90-es \u00e9vek elej\u00e9n sz\u00fcneteltett\u00e9k.<\/strong><\/p>\n<p>A hagyom\u00e1nyt a R\u00f3zsa Records 1997-ben \u00faj\u00edtotta fel. A folyamatoss\u00e1g meg\u0151rz\u00e9se mellett, az\u00f3ta is minden \u00e9vben megrendezi a M\u00e1jus 1-i Tab\u00e1n Fesztiv\u00e1lt.<\/p>\n<p>A Fesztiv\u00e1l m\u00e1ra ism\u00e9t kiv\u00edvta mag\u00e1nak azt a rangot, amelyet a 70-es \u00e9vekben jelentett a magyar k\u00f6nny\u0171zenei \u00e9letben. A \u201dnagy \u00f6regek\u201d mellett, mindig szerepet kapnak, fiatal zenekarok is, ennek hat\u00e1s\u00e1ra a fiatalabb koroszt\u00e1ly megismeri az el\u0151z\u0151 gener\u00e1ci\u00f3 zen\u00e9j\u00e9t \u00e9s a helysz\u00ednre kil\u00e1togat\u00f3 id\u0151sebb koroszt\u00e1ly bepillant\u00e1st nyerhet a mai zenei \u00e9letbe. A k\u00f6z\u00f6ns\u00e9g sz\u00e9lesk\u00f6r\u0171 \u00e9rdekl\u0151d\u00e9s\u00e9t figyelembe v\u00e9ve a k\u00f6nny\u0171zene k\u00f6zkedvelt el\u0151ad\u00f3i l\u00e9ptek fel, \u00edgy fiatalok \u00e9s id\u0151sebbek, l\u00e1gyabb dallamokat \u00e9s rockosabb zen\u00e9t kedvel\u0151k is l\u00e1thatt\u00e1k, hallhatt\u00e1k kedvenc magyar el\u0151ad\u00f3ikat. Elmondhat\u00f3, hogy a Fesztiv\u00e1l a magyar k\u00f6nny\u0171zenei \u00e9let k\u00fcl\u00f6nb\u00f6z\u0151 gener\u00e1ci\u00f3inak tal\u00e1lkoz\u00f3 helye, ahol rangot jelent fell\u00e9pni.<\/p>\n<p><strong>1997-t\u0151l fell\u00e9p\u0151 zenekarok, el\u0151ad\u00f3k: (Felsorol\u00e1s a teljess\u00e9g ig\u00e9nye n\u00e9lk\u00fcl)<\/strong><\/p>\n<ul>\n<li>Charlie,<\/li>\n<li>Demj\u00e9n Ferenc,<\/li>\n<li>Soml\u00f3 Tam\u00e1s,<\/li>\n<li>Bikini,<\/li>\n<li>Beatrice<\/li>\n<li>Edda<\/li>\n<li>T\u00f6r\u00f6k \u00c1d\u00e1m \u00e9s a Mini,<\/li>\n<li>Bal\u00e1zs Fec\u00f3 \u00e9s a Kor\u00e1l,<\/li>\n<li>Skorpi\u00f3,<\/li>\n<li>Tak\u00e1ts Tam\u00e1s Blues Band<\/li>\n<li>Pa D\u00f6 D\u00f6,<\/li>\n<li>Kormor\u00e1n<\/li>\n<li>T\u00e1trai Band, a \u201enagy \u00f6regek\u201d k\u00f6z\u00fcl.<\/li>\n<li>A vil\u00e1gszt\u00e1rok Bobby Campbell TOTO \u00e9nekese<\/li>\n<\/ul>\n<p><strong>Valamint az \u201e\u00faj gener\u00e1ci\u00f3\u201d tagjai:<\/strong><\/p>\n<ul>\n<li>P\u00e1l Utcai Fi\u00fak,<\/li>\n<li>Zanzib\u00e1r,<\/li>\n<li>Hooligans,<\/li>\n<li>United,<\/li>\n<li>T\u00f3th Veronika,<\/li>\n<li>Roy \u00e9s \u00c1d\u00e1m,<\/li>\n<li>Back II Black,<\/li>\n<li>Emil Rulez,<\/li>\n<li>Lad\u00e1nybene 27,<\/li>\n<li>Moby Dick,<\/li>\n<li><\/li>\n<li>Keresztes Ildik\u00f3<\/li>\n<li>Abah\u00e1zi Group<\/li>\n<li>Maxisun<\/li>\n<li>Lunchbox<\/li>\n<li>Cool on Tool<\/li>\n<\/ul>\n<p>Az elm\u00falt \u00e9vekben k\u00f6r\u00fclbel\u00fcl negyedmilli\u00f3 ember j\u00f6tt el az orsz\u00e1g t\u00f6bb pontj\u00e1r\u00f3l a rendezv\u00e9nyekre. Mivel a koncertek ingyenesek, anyagilag nem terhelik meg a csal\u00e1dok p\u00e9nzt\u00e1rc\u00e1j\u00e1t, \u00edgy minden \u00e9rdekl\u0151d\u0151 r\u00e9szese lehet az ig\u00e9nyes magyar \u00e9l\u0151zen\u00e9nek.<\/p>\n<p>A Fesztiv\u00e1l mindig \u00e9len j\u00e1rt az \u00e9l\u0151zene n\u00e9pszer\u0171s\u00edt\u00e9s\u00e9ben, csak olyan zenekarok, el\u0151ad\u00f3k l\u00e9ptek fel, akik \u00e9l\u0151ben j\u00e1tszanak a koncerteken. Ez m\u00e9g abban az id\u0151szakban is \u00edgy volt, amikor a hazai k\u00f6nny\u0171zenei \u00e9letben az \u00fagynevezett \u201et\u00e1tog\u00f3\u201d zenekarok ker\u00fcltek el\u0151t\u00e9rbe.<\/p>\n<p>Az elm\u00falt \u00e9vek tapasztalatait \u00fagy tudjuk \u00f6sszegezni, hogy a t\u00e9rs\u00e9g \u00e9s a F\u0151v\u00e1ros legnagyobb szezonnyit\u00f3, tavaszi esem\u00e9nye, a Tab\u00e1n rendezv\u00e9ny. Az el\u0151ad\u00f3k sz\u00e1m\u00e1ra lehet\u0151s\u00e9g, hogy nyilv\u00e1noss\u00e1got kapjon zen\u00e9j\u00fck, a k\u00f6z\u00f6ns\u00e9g szempontj\u00e1b\u00f3l a j\u00f3 sz\u00f3rakoz\u00e1s mellett fontos, hogy min\u00e9l t\u00f6bben r\u00e9szesei lehessenek egy ilyen nagyszab\u00e1s\u00fa, kultur\u00e1lis k\u00f6nny\u0171zenei rendezv\u00e9nynek. Kultur\u00e1lis \u00e9let\u00fcnk fontos r\u00e9sze, hogy a hazai \u00e9l\u0151zen\u00e9t t\u00e1mogassuk, lehet\u0151v\u00e9 tegy\u00fck a zene szabads\u00e1g\u00e1t \u00e9s nagy nyilv\u00e1noss\u00e1g\u00e1t, mind az el\u0151ad\u00f3knak, mind a zenekedvel\u0151knek egyar\u00e1nt.<\/p>\n<p><strong>A Fesztiv\u00e1l non-profit bel\u00e9p\u0151jegy n\u00e9lk\u00fcli rendezv\u00e9ny.\u00a0 <a title=\"Tab\u00e1n Fesztiv\u00e1l a Facebookon!\" href=\"https:\/\/www.facebook.com\/tabanfesztival\" target=\"_blank\">Csatlakozz Facebook oldalunkhoz itt &gt;<\/a><br \/>\n<\/strong><\/p>\n<p>&nbsp;<\/p>\n","protected":false},"excerpt":{"rendered":"<p>TAB\u00c1N FESZTIV\u00c1L BEMUTAT\u00c1SA A Tab\u00e1n a Gell\u00e9rt-hegy \u00e9s a V\u00e1rhegy k\u00f6z\u00f6tti dombos ter\u00fclet nagy t\u00f6rt\u00e9nelmi m\u00falttal dicsekedhet, emellett a nagy t\u00e1gas park az 1970-es \u00e9vekt\u0151l a hazai k\u00f6nny\u0171zenei \u00e9let egyik meghat\u00e1roz\u00f3 helysz\u00edne lett. A minden \u00e9vben megtartott M\u00e1jus 1-i koncertek hagyom\u00e1nny\u00e1 v\u00e1ltak, az \u00e9vek folyam\u00e1n fell\u00e9pett itt a \u201enagy gener\u00e1ci\u00f3\u201d \u00f6sszes k\u00e9pvisel\u0151je. Sajn\u00e1latos, hogy a<a href=\"http:\/\/tabanfesztival.hu\/?page_id=2\">[&#8230;]<\/a><\/p>\n","protected":false},"author":1,"featured_media":0,"parent":0,"menu_order":0,"comment_status":"open","ping_status":"open","template":"","meta":[],"_links":{"self":[{"href":"http:\/\/tabanfesztival.hu\/index.php?rest_route=\/wp\/v2\/pages\/2"}],"collection":[{"href":"http:\/\/tabanfesztival.hu\/index.php?rest_route=\/wp\/v2\/pages"}],"about":[{"href":"http:\/\/tabanfesztival.hu\/index.php?rest_route=\/wp\/v2\/types\/page"}],"author":[{"embeddable":true,"href":"http:\/\/tabanfesztival.hu\/index.php?rest_route=\/wp\/v2\/users\/1"}],"replies":[{"embeddable":true,"href":"http:\/\/tabanfesztival.hu\/index.php?rest_route=%2Fwp%2Fv2%2Fcomments&post=2"}],"version-history":[{"count":3,"href":"http:\/\/tabanfesztival.hu\/index.php?rest_route=\/wp\/v2\/pages\/2\/revisions"}],"predecessor-version":[{"id":81,"href":"http:\/\/tabanfesztival.hu\/index.php?rest_route=\/wp\/v2\/pages\/2\/revisions\/81"}],"wp:attachment":[{"href":"http:\/\/tabanfesztival.hu\/index.php?rest_route=%2Fwp%2Fv2%2Fmedia&parent=2"}],"curies":[{"name":"wp","href":"https:\/\/api.w.org\/{rel}","templated":true}]}}